{"id":14,"date":"2021-05-05T11:45:02","date_gmt":"2021-05-05T09:45:02","guid":{"rendered":"http:\/\/www.pressinglesarcades.com\/?page_id=14"},"modified":"2022-11-22T14:50:23","modified_gmt":"2022-11-22T13:50:23","slug":"accueil-du-pressing-les-arcades","status":"publish","type":"page","link":"https:\/\/www.pressinglesarcades.com\/","title":{"rendered":"Accueil"},"content":{"rendered":"\n<div class=\"slider-wrapper relative\" id=\"slider-1105388579\" >\n    <div class=\"slider slider-nav-circle slider-nav-large slider-nav-light slider-style-normal\"\n        data-flickity-options='{\n            \"cellAlign\": \"center\",\n            \"imagesLoaded\": true,\n            \"lazyLoad\": 1,\n            \"freeScroll\": false,\n            \"wrapAround\": true,\n            \"autoPlay\": 3000,\n            \"pauseAutoPlayOnHover\" : false,\n            \"prevNextButtons\": false,\n            \"contain\" : true,\n            \"adaptiveHeight\" : true,\n            \"dragThreshold\" : 10,\n            \"percentPosition\": true,\n            \"pageDots\": false,\n            \"rightToLeft\": false,\n            \"draggable\": false,\n            \"selectedAttraction\": 0.1,\n            \"parallax\" : 0,\n            \"friction\": 0.6        }'\n        >\n        \n\n\n  <div class=\"banner has-hover\" id=\"banner-1690025062\">\n          <div class=\"banner-inner fill\">\n        <div class=\"banner-bg fill\" >\n            <div class=\"bg fill bg-fill \"><\/div>\n                                    \n                    <\/div>\n\t\t\n        <div class=\"banner-layers container\">\n            <div class=\"fill banner-link\"><\/div>            \n\n\n        <\/div>\n      <\/div>\n\n            \n<style>\n#banner-1690025062 {\n  padding-top: 500px;\n}\n#banner-1690025062 .bg.bg-loaded {\n  background-image: url(https:\/\/www.pressinglesarcades.com\/wp-content\/uploads\/2022\/11\/logo_header_1v2.jpg);\n}\n#banner-1690025062 .ux-shape-divider--top svg {\n  height: 150px;\n  --divider-top-width: 100%;\n}\n#banner-1690025062 .ux-shape-divider--bottom svg {\n  height: 150px;\n  --divider-width: 100%;\n}\n<\/style>\n  <\/div>\n\n\n\n  <div class=\"banner has-hover\" id=\"banner-933529696\">\n          <div class=\"banner-inner fill\">\n        <div class=\"banner-bg fill\" >\n            <div class=\"bg fill bg-fill \"><\/div>\n                                    \n                    <\/div>\n\t\t\n        <div class=\"banner-layers container\">\n            <div class=\"fill banner-link\"><\/div>            \n\n   <div id=\"text-box-737239334\" class=\"text-box banner-layer x50 md-x50 lg-x50 y50 md-y50 lg-y50 res-text\">\n                                <div class=\"text-box-content text dark\">\n              \n              <div class=\"text-inner text-center\">\n                  \n\n\n              <\/div>\n           <\/div>\n                            \n<style>\n#text-box-737239334 {\n  width: 60%;\n}\n#text-box-737239334 .text-box-content {\n  font-size: 100%;\n}\n<\/style>\n    <\/div>\n \n\n        <\/div>\n      <\/div>\n\n            \n<style>\n#banner-933529696 {\n  padding-top: 500px;\n}\n#banner-933529696 .bg.bg-loaded {\n  background-image: url(https:\/\/www.pressinglesarcades.com\/wp-content\/uploads\/2022\/11\/logo_header_2v3.jpg);\n}\n#banner-933529696 .ux-shape-divider--top svg {\n  height: 150px;\n  --divider-top-width: 100%;\n}\n#banner-933529696 .ux-shape-divider--bottom svg {\n  height: 150px;\n  --divider-width: 100%;\n}\n<\/style>\n  <\/div>\n\n\n\n     <\/div>\n\n     <div class=\"loading-spin dark large centered\"><\/div>\n\n     \t<\/div>\n\n\n<div class=\"row row-full-width\"  id=\"row-708823981\">\n\n\n\t<div id=\"col-1201508038\" class=\"col medium-3 small-12 large-3\"  >\n\t\t\t\t<div class=\"col-inner text-center\"  >\n\t\t\t\n\t\t\t\n\n\t<div class=\"img has-hover x md-x lg-x y md-y lg-y\" id=\"image_1697824186\">\n\t\t<a class=\"image-lightbox lightbox-gallery\" title=\"\" href=\"https:\/\/www.pressinglesarcades.com\/wp-content\/uploads\/2022\/06\/PressigDesArcades-801x1024.jpg\">\t\t\t\t\t\t<div class=\"img-inner image-cover dark\" style=\"padding-top:127%;\">\n\t\t\t<img width=\"2002\" height=\"2560\" src=\"https:\/\/www.pressinglesarcades.com\/wp-content\/uploads\/2022\/06\/PressigDesArcades-scaled.jpg\" class=\"attachment-original size-original\" alt=\"\" loading=\"lazy\" srcset=\"https:\/\/www.pressinglesarcades.com\/wp-content\/uploads\/2022\/06\/PressigDesArcades-scaled.jpg 2002w, https:\/\/www.pressinglesarcades.com\/wp-content\/uploads\/2022\/06\/PressigDesArcades-235x300.jpg 235w, https:\/\/www.pressinglesarcades.com\/wp-content\/uploads\/2022\/06\/PressigDesArcades-801x1024.jpg 801w, https:\/\/www.pressinglesarcades.com\/wp-content\/uploads\/2022\/06\/PressigDesArcades-768x982.jpg 768w, https:\/\/www.pressinglesarcades.com\/wp-content\/uploads\/2022\/06\/PressigDesArcades-1201x1536.jpg 1201w, https:\/\/www.pressinglesarcades.com\/wp-content\/uploads\/2022\/06\/PressigDesArcades-1602x2048.jpg 1602w\" sizes=\"(max-width: 2002px) 100vw, 2002px\" \/>\t\t\t\t\t\t\n\t\t\t\t\t<\/div>\n\t\t\t\t\t\t<\/a>\t\t\n<style>\n#image_1697824186 {\n  width: 100%;\n}\n<\/style>\n\t<\/div>\n\t\n\n<a href=\"https:\/\/www.pressinglesarcades.com\/index.php\/contact-plan\/\" target=\"_self\" class=\"button primary\"  >\n    <span>Nous contacter<\/span>\n  <\/a>\n\n\n\n\t\t<\/div>\n\t\t\t\t\t<\/div>\n\n\t\n\n\t<div id=\"col-1508309988\" class=\"col medium-6 small-12 large-6\"  >\n\t\t\t\t<div class=\"col-inner\"  >\n\t\t\t\n\t\t\t\n\n<div class=\"row\"  id=\"row-1951791859\">\n\n\n\t<div id=\"col-380270323\" class=\"col small-12 large-12\"  >\n\t\t\t\t<div class=\"col-inner\"  >\n\t\t\t\n\t\t\t\n\n\t<div class=\"img has-hover x md-x lg-x y md-y lg-y\" id=\"image_285889671\">\n\t\t\t\t\t\t\t\t<div class=\"img-inner dark\" >\n\t\t\t<img width=\"1020\" height=\"140\" src=\"https:\/\/www.pressinglesarcades.com\/wp-content\/uploads\/2021\/05\/MOF-1-1024x141.png\" class=\"attachment-large size-large\" alt=\"\" loading=\"lazy\" srcset=\"https:\/\/www.pressinglesarcades.com\/wp-content\/uploads\/2021\/05\/MOF-1-1024x141.png 1024w, https:\/\/www.pressinglesarcades.com\/wp-content\/uploads\/2021\/05\/MOF-1-300x41.png 300w, https:\/\/www.pressinglesarcades.com\/wp-content\/uploads\/2021\/05\/MOF-1-768x106.png 768w, https:\/\/www.pressinglesarcades.com\/wp-content\/uploads\/2021\/05\/MOF-1-600x83.png 600w, https:\/\/www.pressinglesarcades.com\/wp-content\/uploads\/2021\/05\/MOF-1.png 1264w\" sizes=\"(max-width: 1020px) 100vw, 1020px\" \/>\t\t\t\t\t\t\n\t\t\t\t\t<\/div>\n\t\t\t\t\t\t\t\t\n<style>\n#image_285889671 {\n  width: 100%;\n}\n<\/style>\n\t<\/div>\n\t\n\n<div class=\"row\"  id=\"row-1510038846\">\n\n\n\t<div id=\"col-2114870301\" class=\"col small-12 large-12\"  >\n\t\t\t\t<div class=\"col-inner\"  >\n\t\t\t\n\t\t\t\n\n<h2 style=\"text-align: center;\"><span style=\"color: #00aae7;\">QUALIT\u00c9<\/span> \u2013 PROXIMIT\u00c9 \u2013 <span style=\"color: #ed1c24;\">CONSEIL<\/span><\/h2>\n<p>Doroth\u00e9e vous accueille \u00e0 Quimper, dans un pressing aux nombreuses activit\u00e9s :<br \/>\u2022 Nettoyage de tous vos v\u00eatements, quel que soit l&rsquo;age, la mati\u00e8re, <span style=\"color: #b4deed;\">\u00ab\u00a0tout ce que nous salissez, nous le nettoyons&#8230;\u00a0\u00bb<\/span><br \/>\u2022 Enl\u00e8vement \u00e0 domicile de vos meubles (canap\u00e9s, fauteuils, tapis..)&nbsp; et nettoyage dans notre atelier.<br \/>\u2022 Lavage et repassage de vos chemises par abonnement.<br \/>\u2022 Soin particulier des ouvrages d&rsquo;art tels que costumes et chapeaux traditionnels, tapisseries murales anciennes \u00ab\u00a0Aubusson\u00a0\u00bb<br \/>\u2022 Grand respect de l&rsquo;environnement, avec l&rsquo;utilisation de produits \u00e9cologiques et sans solvants.<\/p>\n\n\t\t<\/div>\n\t\t\t\t\t<\/div>\n\n\t\n\n<\/div>\n\n\t\t<\/div>\n\t\t\t\t\t<\/div>\n\n\t\n\n<\/div>\n\n\t\t<\/div>\n\t\t\t\t\t<\/div>\n\n\t\n\n\t<div id=\"col-734506544\" class=\"col medium-3 small-12 large-3\"  >\n\t\t\t\t<div class=\"col-inner text-center\"  >\n\t\t\t\n\t\t\t\n\n\t<div class=\"img has-hover x md-x lg-x y md-y lg-y\" id=\"image_1854114369\">\n\t\t\t\t\t\t<div data-animate=\"flipInY\">\t\t<div class=\"img-inner image-cover dark\" style=\"padding-top:127%;\">\n\t\t\t<img width=\"1020\" height=\"765\" src=\"https:\/\/www.pressinglesarcades.com\/wp-content\/uploads\/2021\/06\/IMG_0474-1024x768.jpg\" class=\"attachment-large size-large\" alt=\"\" loading=\"lazy\" srcset=\"https:\/\/www.pressinglesarcades.com\/wp-content\/uploads\/2021\/06\/IMG_0474-1024x768.jpg 1024w, https:\/\/www.pressinglesarcades.com\/wp-content\/uploads\/2021\/06\/IMG_0474-300x225.jpg 300w, https:\/\/www.pressinglesarcades.com\/wp-content\/uploads\/2021\/06\/IMG_0474-768x576.jpg 768w, https:\/\/www.pressinglesarcades.com\/wp-content\/uploads\/2021\/06\/IMG_0474-1536x1152.jpg 1536w, https:\/\/www.pressinglesarcades.com\/wp-content\/uploads\/2021\/06\/IMG_0474.jpg 2016w\" sizes=\"(max-width: 1020px) 100vw, 1020px\" \/>\t\t\t\t\t\t\n\t\t\t\t\t<\/div>\n\t\t<\/div>\t\t\t\t\t\t\n<style>\n#image_1854114369 {\n  width: 100%;\n}\n<\/style>\n\t<\/div>\n\t\n\n<a href=\"https:\/\/www.pressinglesarcades.com\/index.php\/services\/\" target=\"_self\" class=\"button primary\"  >\n    <span>Retraits et livraisons<\/span>\n  <\/a>\n\n\n\n\t\t<\/div>\n\t\t\t\t\t<\/div>\n\n\t\n\n<\/div>\n<div class=\"row row-full-width\"  id=\"row-1327368729\">\n\n\n\t<div id=\"col-229404302\" class=\"col medium-4 small-12 large-4\"  >\n\t\t\t\t<div class=\"col-inner\"  >\n\t\t\t\n\t\t\t\n\n<div class=\"row\"  id=\"row-1446878903\">\n\n\n\t<div id=\"col-259942034\" class=\"col small-12 large-12\"  >\n\t\t\t\t<div class=\"col-inner\"  >\n\t\t\t\n\t\t\t\n\n\t<div class=\"box has-hover   has-hover box-push box-text-bottom\" >\n\n\t\t<div class=\"box-image\" >\n\t\t\t\t\t\t<div class=\"image-zoom-long\" >\n\t\t\t\t<img width=\"600\" height=\"450\" src=\"https:\/\/www.pressinglesarcades.com\/wp-content\/uploads\/2021\/05\/qualite\u0301_pressing_les_arcades.jpeg\" class=\"attachment-original size-original\" alt=\"\" loading=\"lazy\" srcset=\"https:\/\/www.pressinglesarcades.com\/wp-content\/uploads\/2021\/05\/qualite\u0301_pressing_les_arcades.jpeg 600w, https:\/\/www.pressinglesarcades.com\/wp-content\/uploads\/2021\/05\/qualite\u0301_pressing_les_arcades-300x225.jpeg 300w\" sizes=\"(max-width: 600px) 100vw, 600px\" \/>\t\t\t\t\t\t\t\t\t\t\t<\/div>\n\t\t\t\t\t<\/div>\n\n\t\t<div class=\"box-text text-center\" style=\"background-color:rgb(0, 0, 0);\">\n\t\t\t<div class=\"box-text-inner\">\n\t\t\t\t\n\n<h3 style=\"text-align: center;\"><span style=\"font-size: 140%;\">QUALIT\u00c9<\/span><\/h3>\n<p>&nbsp;<\/p>\n<p style=\"text-align: center;\">Votre linge est examin\u00e9 avec soin, bross\u00e9, d\u00e9tach\u00e9, d\u00e9graiss\u00e9 puis repass\u00e9 \u00e0 la main. Vos v\u00eatements vous seront rendus au choix sur cintre ou pli\u00e9s. Sp\u00e9cialistes des v\u00eatements de c\u00e9r\u00e9monie, nous traitons vos textiles en fonction de leurs sp\u00e9cificit\u00e9s et de leur fragilit\u00e9. C\u2019est pourquoi vous pouvez nous confier \u00e9galement vos costumes bretons et coiffes.<\/p>\n<a href=\"https:\/\/www.pressinglesarcades.com\/index.php\/accueil-du-pressing-les-arcades\/le-nettoyage-a-leau\/\" target=\"_self\" class=\"button white is-underline\"  >\n    <span>Pr\u00e9sentation<\/span>\n  <\/a>\n\n\n\n\t\t\t<\/div>\n\t\t<\/div>\n\t<\/div>\n\t\n\n\t\t<\/div>\n\t\t\t\t\t<\/div>\n\n\t\n\n<\/div>\n\n\t\t<\/div>\n\t\t\t\t\t<\/div>\n\n\t\n\n\t<div id=\"col-841003871\" class=\"col medium-4 small-12 large-4\"  >\n\t\t\t\t<div class=\"col-inner\"  >\n\t\t\t\n\t\t\t\n\n\t<div class=\"box has-hover   has-hover box-push box-text-bottom\" >\n\n\t\t<div class=\"box-image\" >\n\t\t\t\t\t\t<div class=\"image-zoom-long image-cover\" style=\"padding-top:75%;\">\n\t\t\t\t<img width=\"833\" height=\"833\" src=\"https:\/\/www.pressinglesarcades.com\/wp-content\/uploads\/2021\/05\/aquanet-1.jpeg\" class=\"attachment-original size-original\" alt=\"\" loading=\"lazy\" srcset=\"https:\/\/www.pressinglesarcades.com\/wp-content\/uploads\/2021\/05\/aquanet-1.jpeg 833w, https:\/\/www.pressinglesarcades.com\/wp-content\/uploads\/2021\/05\/aquanet-1-300x300.jpeg 300w, https:\/\/www.pressinglesarcades.com\/wp-content\/uploads\/2021\/05\/aquanet-1-150x150.jpeg 150w, https:\/\/www.pressinglesarcades.com\/wp-content\/uploads\/2021\/05\/aquanet-1-768x768.jpeg 768w, https:\/\/www.pressinglesarcades.com\/wp-content\/uploads\/2021\/05\/aquanet-1-600x600.jpeg 600w, https:\/\/www.pressinglesarcades.com\/wp-content\/uploads\/2021\/05\/aquanet-1-100x100.jpeg 100w\" sizes=\"(max-width: 833px) 100vw, 833px\" \/>\t\t\t\t\t\t\t\t\t\t\t<\/div>\n\t\t\t\t\t<\/div>\n\n\t\t<div class=\"box-text text-center\" style=\"background-color:rgb(0, 0, 0);\">\n\t\t\t<div class=\"box-text-inner\">\n\t\t\t\t\n\n<h3 style=\"text-align: center;\"><span style=\"font-size: 120%;\">RESPECT DE L&rsquo;ENVIRONNEMENT<\/span><\/h3>\n<p style=\"text-align: center;\">Un nettoyage \u00e9cologique et sans solvant.<br \/>Nous assurons un nettoyage \u00e0 l&rsquo;eau et l&rsquo;utilisation de produits biod\u00e9gradables pour une propret\u00e9 saine et impeccable. Le syst\u00e8me Aquanett, respectueux de l\u2019environnement, t\u00e9moigne d\u2019une nouvelle philosophie du pressing \u00e0 l\u2019efficacit\u00e9 optimale et prouv\u00e9e.<\/p>\n\n\t\t\t<\/div>\n\t\t<\/div>\n\t<\/div>\n\t\n\n\t\t<\/div>\n\t\t\t\t\t<\/div>\n\n\t\n\n\t<div id=\"col-1760140138\" class=\"col medium-4 small-12 large-4\"  >\n\t\t\t\t<div class=\"col-inner\"  >\n\t\t\t\n\t\t\t\n\n\t<div class=\"box has-hover   has-hover box-push box-text-bottom\" >\n\n\t\t<div class=\"box-image\" >\n\t\t\t\t\t\t<div class=\"image-zoom-long image-cover\" style=\"padding-top:75%;\">\n\t\t\t\t<img width=\"450\" height=\"800\" src=\"https:\/\/www.pressinglesarcades.com\/wp-content\/uploads\/2021\/05\/franges_3apres_pressing_les_arcades.jpeg\" class=\"attachment-original size-original\" alt=\"\" loading=\"lazy\" srcset=\"https:\/\/www.pressinglesarcades.com\/wp-content\/uploads\/2021\/05\/franges_3apres_pressing_les_arcades.jpeg 450w, https:\/\/www.pressinglesarcades.com\/wp-content\/uploads\/2021\/05\/franges_3apres_pressing_les_arcades-169x300.jpeg 169w\" sizes=\"(max-width: 450px) 100vw, 450px\" \/>\t\t\t\t\t\t\t\t\t\t\t<\/div>\n\t\t\t\t\t<\/div>\n\n\t\t<div class=\"box-text text-center\" style=\"background-color:rgb(0, 0, 0);\">\n\t\t\t<div class=\"box-text-inner\">\n\t\t\t\t\n\n<h3><span style=\"font-size: 120%;\">PRESTATIONS PERSONNALIS\u00c9ES<\/span><\/h3>\n<p>Nous prenons en charge le nettoyage de vos canap\u00e9s, fauteuils, mais aussi tous vos tissus d\u2019ameublement :\u2028 Tapis, couettes et couverture &#8230;(enl\u00e8vement des pi\u00e8ces \u00e0 nettoyer au domicile)\u2028 &#8211; Rideaux, stores bateau, tentures, voilages, tapisseries anciennes, banquettes de bateau, assises de chaise, nappe simple ou brod\u00e9e\u2026<\/p>\n<a href=\"https:\/\/www.pressinglesarcades.com\/index.php\/prestations\/\" target=\"_self\" class=\"button white is-underline\"  >\n    <span>Voir nos prestations<\/span>\n  <\/a>\n\n\n\n\t\t\t<\/div>\n\t\t<\/div>\n\t<\/div>\n\t\n\n\t\t<\/div>\n\t\t\t\t\t<\/div>\n\n\t\n\n<\/div>\n<div class=\"row align-equal align-center\"  id=\"row-32490490\">\n\n\n\t<div id=\"col-358875803\" class=\"col medium-6 small-12 large-6\"  >\n\t\t\t\t<div class=\"col-inner\"  >\n\t\t\t\n\t\t\t\n\n<div class=\"container section-title-container\" ><h3 class=\"section-title section-title-center\"><b><\/b><span class=\"section-title-main\" >Pr\u00e9sentation<\/span><b><\/b><\/h3><\/div>\n\n<div class=\"video video-fit mb\" style=\"padding-top:56.25%;\"><iframe loading=\"lazy\" title=\"Pressing by Doroth\u00e9e\" width=\"1020\" height=\"574\" src=\"https:\/\/www.youtube.com\/embed\/qaf5SqNPy7o?list=PL5LbxfiKgZhlnFkZ14mfIaETuZ8d5u4Z8\" frameborder=\"0\" allow=\"accelerometer; autoplay; clipboard-write; encrypted-media; gyroscope; picture-in-picture\" allowfullscreen><\/iframe><\/div>\n\n\n\t\t<\/div>\n\t\t\t\t\t<\/div>\n\n\t\n\n\t<div id=\"col-1317321375\" class=\"col medium-6 small-12 large-6\"  >\n\t\t\t\t<div class=\"col-inner text-center\"  >\n\t\t\t\n\t\t\t\n\n<div class=\"container section-title-container\" ><h3 class=\"section-title section-title-center\"><b><\/b><span class=\"section-title-main\" >DRING DRING...! LE BLOG DU PRESSING<\/span><b><\/b><\/h3><\/div>\n\n\n  \n    <div class=\"row large-columns-1 medium-columns-1 small-columns-1 has-shadow row-box-shadow-2\">\n  <div class=\"col post-item\" >\n\t\t\t<div class=\"col-inner\">\n\t\t\t<a href=\"https:\/\/www.pressinglesarcades.com\/index.php\/2022\/02\/03\/enlevement-et-nettoyage-de-vos-meubles-et-tapis\/\" class=\"plain\">\n\t\t\t\t<div class=\"box box-vertical box-text-bottom box-blog-post has-hover\">\n            \t\t\t\t\t<div class=\"box-image\" style=\"width:43%;\">\n  \t\t\t\t\t\t<div class=\"image-cover\" style=\"padding-top:89%;\">\n  \t\t\t\t\t\t\t<img width=\"300\" height=\"225\" src=\"https:\/\/www.pressinglesarcades.com\/wp-content\/uploads\/2022\/02\/nettoyage_fauteuil_pressing_les_arcades_quimper-300x225.jpg\" class=\"attachment-medium size-medium wp-post-image\" alt=\"\" loading=\"lazy\" srcset=\"https:\/\/www.pressinglesarcades.com\/wp-content\/uploads\/2022\/02\/nettoyage_fauteuil_pressing_les_arcades_quimper-300x225.jpg 300w, https:\/\/www.pressinglesarcades.com\/wp-content\/uploads\/2022\/02\/nettoyage_fauteuil_pressing_les_arcades_quimper.jpg 600w\" sizes=\"(max-width: 300px) 100vw, 300px\" \/>  \t\t\t\t\t\t\t  \t\t\t\t\t\t\t  \t\t\t\t\t\t<\/div>\n  \t\t\t\t\t\t  \t\t\t\t\t<\/div>\n          \t\t\t\t\t<div class=\"box-text text-center\" >\n\t\t\t\t\t<div class=\"box-text-inner blog-post-inner\">\n\n\t\t\t\t\t\n\t\t\t\t\t\t\t\t\t\t<h5 class=\"post-title is-large \">Enl\u00e8vement et nettoyage de vos meubles et tapis<\/h5>\n\t\t\t\t\t\t\t\t\t\t<div class=\"is-divider\"><\/div>\n\t\t\t\t\t\t\t\t\t\t<p class=\"from_the_blog_excerpt \"> [...]\t\t\t\t\t<\/p>\n\t\t\t\t\t                    \n\t\t\t\t\t\n\t\t\t\t\t\n\t\t\t\t\t<\/div>\n\t\t\t\t\t<\/div>\n\t\t\t\t\t\t\t\t\t\t\t\t\t\t\t\t<div class=\"badge absolute top post-date badge-outline\">\n\t\t\t\t\t\t\t<div class=\"badge-inner\">\n\t\t\t\t\t\t\t\t<span class=\"post-date-day\">03<\/span><br>\n\t\t\t\t\t\t\t\t<span class=\"post-date-month is-xsmall\">F\u00e9v<\/span>\n\t\t\t\t\t\t\t<\/div>\n\t\t\t\t\t\t<\/div>\n\t\t\t\t\t\t\t\t\t<\/div>\n\t\t\t\t<\/a>\n\t\t\t<\/div>\n\t\t<\/div><\/div>\n\n\n\t\t<\/div>\n\t\t\t\t\t<\/div>\n\n\t\n\n<\/div>\n\n","protected":false},"excerpt":{"rendered":"","protected":false},"author":1,"featured_media":0,"parent":0,"menu_order":0,"comment_status":"closed","ping_status":"closed","template":"page-blank.php","meta":{"_monsterinsights_skip_tracking":false,"_monsterinsights_sitenote_active":false,"_monsterinsights_sitenote_note":"","_monsterinsights_sitenote_category":0},"yoast_head":"<!-- This site is optimized with the Yoast SEO plugin v20.6 - https:\/\/yoast.com\/wordpress\/plugins\/seo\/ -->\n<title>Accueil - Pressing les arcades<\/title>\n<meta name=\"robots\" content=\"index, follow, max-snippet:-1, max-image-preview:large, max-video-preview:-1\" \/>\n<link rel=\"canonical\" href=\"https:\/\/www.pressinglesarcades.com\/\" \/>\n<meta property=\"og:locale\" content=\"fr_FR\" \/>\n<meta property=\"og:type\" content=\"article\" \/>\n<meta property=\"og:title\" content=\"Accueil - Pressing les arcades\" \/>\n<meta property=\"og:url\" content=\"https:\/\/www.pressinglesarcades.com\/\" \/>\n<meta property=\"og:site_name\" content=\"Pressing les arcades\" \/>\n<meta property=\"article:modified_time\" content=\"2022-11-22T13:50:23+00:00\" \/>\n<meta name=\"twitter:card\" content=\"summary_large_image\" \/>\n<script type=\"application\/ld+json\" class=\"yoast-schema-graph\">{\"@context\":\"https:\/\/schema.org\",\"@graph\":[{\"@type\":\"WebPage\",\"@id\":\"https:\/\/www.pressinglesarcades.com\/\",\"url\":\"https:\/\/www.pressinglesarcades.com\/\",\"name\":\"Accueil - Pressing les arcades\",\"isPartOf\":{\"@id\":\"https:\/\/www.pressinglesarcades.com\/#website\"},\"datePublished\":\"2021-05-05T09:45:02+00:00\",\"dateModified\":\"2022-11-22T13:50:23+00:00\",\"breadcrumb\":{\"@id\":\"https:\/\/www.pressinglesarcades.com\/#breadcrumb\"},\"inLanguage\":\"fr-FR\",\"potentialAction\":[{\"@type\":\"ReadAction\",\"target\":[\"https:\/\/www.pressinglesarcades.com\/\"]}]},{\"@type\":\"BreadcrumbList\",\"@id\":\"https:\/\/www.pressinglesarcades.com\/#breadcrumb\",\"itemListElement\":[{\"@type\":\"ListItem\",\"position\":1,\"name\":\"Accueil\",\"item\":\"https:\/\/www.pressinglesarcades.com\/\"},{\"@type\":\"ListItem\",\"position\":2,\"name\":\"Accueil\"}]},{\"@type\":\"WebSite\",\"@id\":\"https:\/\/www.pressinglesarcades.com\/#website\",\"url\":\"https:\/\/www.pressinglesarcades.com\/\",\"name\":\"Pressing les arcades\",\"description\":\"\",\"potentialAction\":[{\"@type\":\"SearchAction\",\"target\":{\"@type\":\"EntryPoint\",\"urlTemplate\":\"https:\/\/www.pressinglesarcades.com\/?s={search_term_string}\"},\"query-input\":\"required name=search_term_string\"}],\"inLanguage\":\"fr-FR\"}]}<\/script>\n<!-- \/ Yoast SEO plugin. -->","yoast_head_json":{"title":"Accueil - Pressing les arcades","robots":{"index":"index","follow":"follow","max-snippet":"max-snippet:-1","max-image-preview":"max-image-preview:large","max-video-preview":"max-video-preview:-1"},"canonical":"https:\/\/www.pressinglesarcades.com\/","og_locale":"fr_FR","og_type":"article","og_title":"Accueil - Pressing les arcades","og_url":"https:\/\/www.pressinglesarcades.com\/","og_site_name":"Pressing les arcades","article_modified_time":"2022-11-22T13:50:23+00:00","twitter_card":"summary_large_image","schema":{"@context":"https:\/\/schema.org","@graph":[{"@type":"WebPage","@id":"https:\/\/www.pressinglesarcades.com\/","url":"https:\/\/www.pressinglesarcades.com\/","name":"Accueil - Pressing les arcades","isPartOf":{"@id":"https:\/\/www.pressinglesarcades.com\/#website"},"datePublished":"2021-05-05T09:45:02+00:00","dateModified":"2022-11-22T13:50:23+00:00","breadcrumb":{"@id":"https:\/\/www.pressinglesarcades.com\/#breadcrumb"},"inLanguage":"fr-FR","potentialAction":[{"@type":"ReadAction","target":["https:\/\/www.pressinglesarcades.com\/"]}]},{"@type":"BreadcrumbList","@id":"https:\/\/www.pressinglesarcades.com\/#breadcrumb","itemListElement":[{"@type":"ListItem","position":1,"name":"Accueil","item":"https:\/\/www.pressinglesarcades.com\/"},{"@type":"ListItem","position":2,"name":"Accueil"}]},{"@type":"WebSite","@id":"https:\/\/www.pressinglesarcades.com\/#website","url":"https:\/\/www.pressinglesarcades.com\/","name":"Pressing les arcades","description":"","potentialAction":[{"@type":"SearchAction","target":{"@type":"EntryPoint","urlTemplate":"https:\/\/www.pressinglesarcades.com\/?s={search_term_string}"},"query-input":"required name=search_term_string"}],"inLanguage":"fr-FR"}]}},"_links":{"self":[{"href":"https:\/\/www.pressinglesarcades.com\/index.php\/wp-json\/wp\/v2\/pages\/14"}],"collection":[{"href":"https:\/\/www.pressinglesarcades.com\/index.php\/wp-json\/wp\/v2\/pages"}],"about":[{"href":"https:\/\/www.pressinglesarcades.com\/index.php\/wp-json\/wp\/v2\/types\/page"}],"author":[{"embeddable":true,"href":"https:\/\/www.pressinglesarcades.com\/index.php\/wp-json\/wp\/v2\/users\/1"}],"replies":[{"embeddable":true,"href":"https:\/\/www.pressinglesarcades.com\/index.php\/wp-json\/wp\/v2\/comments?post=14"}],"version-history":[{"count":51,"href":"https:\/\/www.pressinglesarcades.com\/index.php\/wp-json\/wp\/v2\/pages\/14\/revisions"}],"predecessor-version":[{"id":468,"href":"https:\/\/www.pressinglesarcades.com\/index.php\/wp-json\/wp\/v2\/pages\/14\/revisions\/468"}],"wp:attachment":[{"href":"https:\/\/www.pressinglesarcades.com\/index.php\/wp-json\/wp\/v2\/media?parent=14"}],"curies":[{"name":"wp","href":"https:\/\/api.w.org\/{rel}","templated":true}]}}