{"id":37,"date":"2021-05-05T15:13:10","date_gmt":"2021-05-05T13:13:10","guid":{"rendered":"http:\/\/www.pressinglesarcades.com\/?page_id=37"},"modified":"2021-05-05T15:14:17","modified_gmt":"2021-05-05T13:14:17","slug":"politique-de-confidentialite-2","status":"publish","type":"page","link":"https:\/\/www.pressinglesarcades.com\/index.php\/politique-de-confidentialite-2\/","title":{"rendered":"Politique de confidentialit\u00e9"},"content":{"rendered":"<div class=\"row\"  id=\"row-914060405\">\n\n\t<div id=\"col-1230385788\" class=\"col small-12 large-12\"  >\n\t\t\t\t<div class=\"col-inner\"  >\n\t\t\t\n\t\t\t\n<header>\n<h1 style=\"text-align: center;\">Politique de confidentialit\u00e9 et de protection des donn\u00e9es personnelles de Pressing les arcades<\/h1>\n<\/header>\n<article>Pressing les Arcades place la protection des donn\u00e9es \u00e0 caract\u00e8re personnel au c\u0153ur des services qui vous sont propos\u00e9s. La pr\u00e9sente politique \u00e9nonce les principes et lignes directrices pour la protection de vos donn\u00e9es personnelles et a pour objectif de vous informer sur :<\/p>\n<ul>\n<li>Les donn\u00e9es personnelles que Pressing les Arcades collecte et les raisons de cette collecte,<\/li>\n<li>La fa\u00e7on dont sont utilis\u00e9es ces donn\u00e9es personnelles,<\/li>\n<li>Vos droits sur les donn\u00e9es personnelles vous concernant.<\/li>\n<\/ul>\n<p>Cette Politique s\u2019applique \u00e0 tous les services\u00a0 de Pressing les Arcades, \u00e0 l\u2019exclusion des \u00e9ventuels sites partenaires.<\/p>\n<\/article>\n<article>\n<h4>Comment la soci\u00e9t\u00e9 Pressing les Arcades prend-elle en compte la protection des donn\u00e9es personnelles ?<\/h4>\n<p>Pressing les Arcades s\u2019engage \u00e0 prendre en compte la protection de vos donn\u00e9es personnelles et de votre vie priv\u00e9e d\u00e8s la conception des nouveaux produits ou services qui vous sont propos\u00e9s. Pour assurer la s\u00e9curit\u00e9 et garantir le respect et le bon exercice de vos droits, les mesures permettant d\u2019assurer la protection de vos donn\u00e9es personnelles sont mises en \u0153uvre.<\/article>\n<article>\n<header>Quelles donn\u00e9es personnelles sont utilis\u00e9es par Pressing les Arcades ?<br \/>Pressing les Arcades s\u2019engage \u00e0 ne collecter que des donn\u00e9es strictement n\u00e9cessaires \u00e0 la r\u00e9alisation des services de vente en ligne souscrits.<\/header>\n<p>Dans le cas o\u00f9 des donn\u00e9es facultatives vous seraient demand\u00e9es, Pressing les Arcades vous informera clairement sur les donn\u00e9es personnelles n\u00e9cessaires \u00e0 la r\u00e9alisation du service souscrit et celles volontairement fournies par vos soins.<\/p>\n<p>Les donn\u00e9es personnelles sont collect\u00e9es directement aupr\u00e8s de vous et ne sont utilis\u00e9es que pour les usages qui ont \u00e9t\u00e9 port\u00e9s \u00e0 votre connaissance.<\/p>\n<p>Les donn\u00e9es personnelles sont utilis\u00e9es pour vous proposer d\u2019autres services, uniquement si vous avez accept\u00e9 de recevoir des communications commerciales.<\/p>\n<\/article>\n<article>\n<header>Comment se passe la collecte de donn\u00e9es personnelles des mineurs\u00a0?<\/header>\n<p>Certains services peuvent \u00eatre utilis\u00e9s par des mineurs. Dans ce cas, les mineurs doivent obtenir le consentement de leurs parents ou repr\u00e9sentants l\u00e9gaux.<\/p>\n<\/article>\n<article>\n<header>A quels services ou entreprises sont communiqu\u00e9es vos donn\u00e9es personnelles\u00a0?<\/header>\n<p>Vos donn\u00e9es sont susceptibles d\u2019\u00eatre transmises\u00a0:<\/p>\n<ul>\n<li>A des services internes de Pressing les Arcades : les directions qui sont en charge de l\u2019ex\u00e9cution des services souscrits, notamment Service Clients, Administration des Ventes\u2026<\/li>\n<\/ul>\n<\/article>\n<article>\n<header>Pendant combien de temps Pressing les Arcades conserve vos donn\u00e9es personnelles ?<\/header>\n<p>La dur\u00e9e de conservation de vos donn\u00e9es personnelles d\u00e9pend du service souscrit. Pressing les Arcades s\u2019engage \u00e0 ne pas conserver vos donn\u00e9es personnelles au-del\u00e0 de la dur\u00e9e n\u00e9cessaire \u00e0 la fourniture du service, augment\u00e9e de la dur\u00e9e de conservation impos\u00e9e par les r\u00e8gles applicables en mati\u00e8re de prescription l\u00e9gale.<\/p>\n<\/article>\n<article>\n<header>Vos donn\u00e9es personnelles sont-elles prot\u00e9g\u00e9es\u00a0?<br \/>Pressing les Arcades s\u2019engage \u00e0 prendre toutes mesures afin d\u2019assurer la s\u00e9curit\u00e9 et la confidentialit\u00e9 des donn\u00e9es personnelles et notamment \u00e0 emp\u00eacher qu\u2019elles ne soient endommag\u00e9es, effac\u00e9es ou que des tiers non autoris\u00e9s y aient acc\u00e8s. Le site disposant d\u2019un protocole de S\u00e9curit\u00e9 SSL.<\/header>\n<p>Conform\u00e9ment aux engagements pris, les traitements r\u00e9alis\u00e9s peuvent \u00eatre soumis \u00e0 audit.<\/p>\n<p>Par ailleurs, en cas d\u2019incident de s\u00e9curit\u00e9 affectant vos donn\u00e9es personnelles (destruction, perte, alt\u00e9ration ou divulgation),<br \/>Pressing les Arcades s\u2019engage \u00e0 respecter l\u2019obligation de notification des violations de donn\u00e9es personnelles, notamment aupr\u00e8s de la CNIL.<\/p>\n<\/article>\n<article>\n<header>Quels sont vos droits sur vos donn\u00e9es personnelles\u00a0?<\/header>\n<p>Vous disposez \u00e0 tout moment de la facult\u00e9 d\u2019exercer aupr\u00e8s de Pressing les Arcades les droits pr\u00e9vus par la r\u00e9glementation en vigueur applicable en mati\u00e8re de donn\u00e9es \u00e0 caract\u00e8re personnel, sous r\u00e9serve d\u2019en remplir les conditions :<\/p>\n<ul>\n<li>Droit d\u2019acc\u00e8s : vous pouvez avoir communication de vos donn\u00e9es personnelles faisant l\u2019objet d\u2019un traitement par Pressing les Arcades<\/li>\n<li>Droit de rectification : vous pouvez mettre \u00e0 jour vos donn\u00e9es personnelles ou faire rectifier vos donn\u00e9es personnelles trait\u00e9es par Pressing les Arcades<\/li>\n<li>Droit d\u2019opposition, notamment \u00e0 recevoir des communications commerciales : vous pouvez exprimer votre souhait de ne plus recevoir de communication commerciale de la part de Pressing les Arcades ou demander que vos donn\u00e9es personnelles ne fassent plus l\u2019objet d\u2019un traitement ;<\/li>\n<li>Droit \u00e0 l\u2019effacement\u00a0: vous pouvez demander la suppression de vos donn\u00e9es personnelles\u00a0;<\/li>\n<li>Droit \u00e0 la limitation\u00a0: vous pouvez demander la suspension du traitement de vos donn\u00e9es personnelles\u00a0;<\/li>\n<li>Droit \u00e0 la portabilit\u00e9 : vous pouvez demander \u00e0 Pressing les Arcades de r\u00e9cup\u00e9rer vos donn\u00e9es personnelles afin d\u2019en disposer.<\/li>\n<\/ul>\n<p>Lors de la souscription d\u2019un service ou du recueil de vos donn\u00e9es personnelles, il vous est indiqu\u00e9 l\u2019adresse (postale et\/ou \u00e9lectronique) \u00e0 laquelle envoyer votre demande d\u2019exercice de vos droits.<\/p>\n<p>Toute demande doit \u00eatre accompagn\u00e9e d\u2019un justificatif d\u2019identit\u00e9. Pressing les Arcades s\u2019engage \u00e0 r\u00e9pondre \u00e0 vos demandes d\u2019exercice de vos droits dans les meilleurs d\u00e9lais et en tout \u00e9tat de cause dans le respect des d\u00e9lais l\u00e9gaux.<\/p>\n<\/article>\n<article>\n<header>La soci\u00e9t\u00e9 Pressing les Arcades a-t-elle d\u00e9sign\u00e9 un d\u00e9l\u00e9gu\u00e9 \u00e0 la protection des donn\u00e9es ?<\/header>\n<p style=\"text-align: center;\">La d\u00e9signation d\u2019un d\u00e9l\u00e9gu\u00e9 \u00e0 la protection des donn\u00e9es t\u00e9moigne de l\u2019attachement de Pressing les Arcades \u00e0 la protection, la s\u00e9curit\u00e9 et la confidentialit\u00e9 des donn\u00e9es personnelles de ses clients.<\/p>\n<p style=\"text-align: center;\">Vous pouvez contacter la d\u00e9l\u00e9gu\u00e9e \u00e0 la protection des donn\u00e9es \u00e0 l\u2019adresse suivante :<\/p>\n<p style=\"text-align: center;\">Madame la D\u00e9l\u00e9gu\u00e9e \u00e0 la Protection des Donn\u00e9es<br \/>Pressing les Arcades<br \/>Rue de B\u00e9nodet<br \/>29000 Quimper<\/p>\n<\/article>\n\t\t<\/div>\n\t\t\t\t\t<\/div>\n\n\t\n<\/div>\n","protected":false},"excerpt":{"rendered":"","protected":false},"author":1,"featured_media":0,"parent":0,"menu_order":0,"comment_status":"closed","ping_status":"closed","template":"page-blank.php","meta":{"_monsterinsights_skip_tracking":false,"_monsterinsights_sitenote_active":false,"_monsterinsights_sitenote_note":"","_monsterinsights_sitenote_category":0},"yoast_head":"<!-- This site is optimized with the Yoast SEO plugin v20.6 - https:\/\/yoast.com\/wordpress\/plugins\/seo\/ -->\n<title>Politique de confidentialit\u00e9 - Pressing les arcades<\/title>\n<meta name=\"robots\" content=\"index, follow, max-snippet:-1, max-image-preview:large, max-video-preview:-1\" \/>\n<link rel=\"canonical\" href=\"https:\/\/www.pressinglesarcades.com\/index.php\/politique-de-confidentialite-2\/\" \/>\n<meta property=\"og:locale\" content=\"fr_FR\" \/>\n<meta property=\"og:type\" content=\"article\" \/>\n<meta property=\"og:title\" content=\"Politique de confidentialit\u00e9 - Pressing les arcades\" \/>\n<meta property=\"og:url\" content=\"https:\/\/www.pressinglesarcades.com\/index.php\/politique-de-confidentialite-2\/\" \/>\n<meta property=\"og:site_name\" content=\"Pressing les arcades\" \/>\n<meta property=\"article:modified_time\" content=\"2021-05-05T13:14:17+00:00\" \/>\n<meta name=\"twitter:card\" content=\"summary_large_image\" \/>\n<meta name=\"twitter:label1\" content=\"Dur\u00e9e de lecture estim\u00e9e\" \/>\n\t<meta name=\"twitter:data1\" content=\"5 minutes\" \/>\n<script type=\"application\/ld+json\" class=\"yoast-schema-graph\">{\"@context\":\"https:\/\/schema.org\",\"@graph\":[{\"@type\":\"WebPage\",\"@id\":\"https:\/\/www.pressinglesarcades.com\/index.php\/politique-de-confidentialite-2\/\",\"url\":\"https:\/\/www.pressinglesarcades.com\/index.php\/politique-de-confidentialite-2\/\",\"name\":\"Politique de confidentialit\u00e9 - Pressing les arcades\",\"isPartOf\":{\"@id\":\"https:\/\/www.pressinglesarcades.com\/#website\"},\"datePublished\":\"2021-05-05T13:13:10+00:00\",\"dateModified\":\"2021-05-05T13:14:17+00:00\",\"breadcrumb\":{\"@id\":\"https:\/\/www.pressinglesarcades.com\/index.php\/politique-de-confidentialite-2\/#breadcrumb\"},\"inLanguage\":\"fr-FR\",\"potentialAction\":[{\"@type\":\"ReadAction\",\"target\":[\"https:\/\/www.pressinglesarcades.com\/index.php\/politique-de-confidentialite-2\/\"]}]},{\"@type\":\"BreadcrumbList\",\"@id\":\"https:\/\/www.pressinglesarcades.com\/index.php\/politique-de-confidentialite-2\/#breadcrumb\",\"itemListElement\":[{\"@type\":\"ListItem\",\"position\":1,\"name\":\"Accueil\",\"item\":\"https:\/\/www.pressinglesarcades.com\/\"},{\"@type\":\"ListItem\",\"position\":2,\"name\":\"Politique de confidentialit\u00e9\"}]},{\"@type\":\"WebSite\",\"@id\":\"https:\/\/www.pressinglesarcades.com\/#website\",\"url\":\"https:\/\/www.pressinglesarcades.com\/\",\"name\":\"Pressing les arcades\",\"description\":\"\",\"potentialAction\":[{\"@type\":\"SearchAction\",\"target\":{\"@type\":\"EntryPoint\",\"urlTemplate\":\"https:\/\/www.pressinglesarcades.com\/?s={search_term_string}\"},\"query-input\":\"required name=search_term_string\"}],\"inLanguage\":\"fr-FR\"}]}<\/script>\n<!-- \/ Yoast SEO plugin. -->","yoast_head_json":{"title":"Politique de confidentialit\u00e9 - Pressing les arcades","robots":{"index":"index","follow":"follow","max-snippet":"max-snippet:-1","max-image-preview":"max-image-preview:large","max-video-preview":"max-video-preview:-1"},"canonical":"https:\/\/www.pressinglesarcades.com\/index.php\/politique-de-confidentialite-2\/","og_locale":"fr_FR","og_type":"article","og_title":"Politique de confidentialit\u00e9 - Pressing les arcades","og_url":"https:\/\/www.pressinglesarcades.com\/index.php\/politique-de-confidentialite-2\/","og_site_name":"Pressing les arcades","article_modified_time":"2021-05-05T13:14:17+00:00","twitter_card":"summary_large_image","twitter_misc":{"Dur\u00e9e de lecture estim\u00e9e":"5 minutes"},"schema":{"@context":"https:\/\/schema.org","@graph":[{"@type":"WebPage","@id":"https:\/\/www.pressinglesarcades.com\/index.php\/politique-de-confidentialite-2\/","url":"https:\/\/www.pressinglesarcades.com\/index.php\/politique-de-confidentialite-2\/","name":"Politique de confidentialit\u00e9 - Pressing les arcades","isPartOf":{"@id":"https:\/\/www.pressinglesarcades.com\/#website"},"datePublished":"2021-05-05T13:13:10+00:00","dateModified":"2021-05-05T13:14:17+00:00","breadcrumb":{"@id":"https:\/\/www.pressinglesarcades.com\/index.php\/politique-de-confidentialite-2\/#breadcrumb"},"inLanguage":"fr-FR","potentialAction":[{"@type":"ReadAction","target":["https:\/\/www.pressinglesarcades.com\/index.php\/politique-de-confidentialite-2\/"]}]},{"@type":"BreadcrumbList","@id":"https:\/\/www.pressinglesarcades.com\/index.php\/politique-de-confidentialite-2\/#breadcrumb","itemListElement":[{"@type":"ListItem","position":1,"name":"Accueil","item":"https:\/\/www.pressinglesarcades.com\/"},{"@type":"ListItem","position":2,"name":"Politique de confidentialit\u00e9"}]},{"@type":"WebSite","@id":"https:\/\/www.pressinglesarcades.com\/#website","url":"https:\/\/www.pressinglesarcades.com\/","name":"Pressing les arcades","description":"","potentialAction":[{"@type":"SearchAction","target":{"@type":"EntryPoint","urlTemplate":"https:\/\/www.pressinglesarcades.com\/?s={search_term_string}"},"query-input":"required name=search_term_string"}],"inLanguage":"fr-FR"}]}},"_links":{"self":[{"href":"https:\/\/www.pressinglesarcades.com\/index.php\/wp-json\/wp\/v2\/pages\/37"}],"collection":[{"href":"https:\/\/www.pressinglesarcades.com\/index.php\/wp-json\/wp\/v2\/pages"}],"about":[{"href":"https:\/\/www.pressinglesarcades.com\/index.php\/wp-json\/wp\/v2\/types\/page"}],"author":[{"embeddable":true,"href":"https:\/\/www.pressinglesarcades.com\/index.php\/wp-json\/wp\/v2\/users\/1"}],"replies":[{"embeddable":true,"href":"https:\/\/www.pressinglesarcades.com\/index.php\/wp-json\/wp\/v2\/comments?post=37"}],"version-history":[{"count":2,"href":"https:\/\/www.pressinglesarcades.com\/index.php\/wp-json\/wp\/v2\/pages\/37\/revisions"}],"predecessor-version":[{"id":39,"href":"https:\/\/www.pressinglesarcades.com\/index.php\/wp-json\/wp\/v2\/pages\/37\/revisions\/39"}],"wp:attachment":[{"href":"https:\/\/www.pressinglesarcades.com\/index.php\/wp-json\/wp\/v2\/media?parent=37"}],"curies":[{"name":"wp","href":"https:\/\/api.w.org\/{rel}","templated":true}]}}