{"id":67,"date":"2021-05-06T11:06:33","date_gmt":"2021-05-06T09:06:33","guid":{"rendered":"http:\/\/www.pressinglesarcades.com\/?page_id=67"},"modified":"2022-11-16T09:41:44","modified_gmt":"2022-11-16T08:41:44","slug":"abonnement-repassage-de-vos-chemises","status":"publish","type":"page","link":"https:\/\/www.pressinglesarcades.com\/index.php\/abonnement-repassage-de-vos-chemises\/","title":{"rendered":"Abonnement repassage de vos chemises"},"content":{"rendered":"\n\t<section class=\"section dark\" id=\"section_2146866057\">\n\t\t<div class=\"bg section-bg fill bg-fill  bg-loaded\" >\n\n\t\t\t\n\t\t\t<div class=\"section-bg-overlay absolute fill\"><\/div>\n\t\t\t\n\n\t\t<\/div>\n\n\t\t\n\n\t\t<div class=\"section-content relative\">\n\t\t\t\n\n\t<div id=\"text-3937951822\" class=\"text\">\n\t\t\n\n<h1 class=\"entry-title mb-0\">Abonnement repassage de vos chemises<\/h1>\n\t\t\n<style>\n#text-3937951822 {\n  text-align: center;\n  color: rgb(255,255,255);\n}\n#text-3937951822 > * {\n  color: rgb(255,255,255);\n}\n<\/style>\n\t<\/div>\n\t\n\n\t\t<\/div>\n\n\t\t\n<style>\n#section_2146866057 {\n  padding-top: 30px;\n  padding-bottom: 30px;\n  background-color: rgba(255, 255, 255, 0);\n}\n#section_2146866057 .section-bg-overlay {\n  background-color: rgba(255, 255, 255, 0.5);\n}\n#section_2146866057 .ux-shape-divider--top svg {\n  height: 150px;\n  --divider-top-width: 100%;\n}\n#section_2146866057 .ux-shape-divider--bottom svg {\n  height: 150px;\n  --divider-width: 100%;\n}\n<\/style>\n\t<\/section>\n\t\n<div class=\"is-divider divider clearfix\" style=\"background-color:rgba(0, 0, 0, 0.14);\"><\/div>\n\n<div class=\"row row-full-width align-center\"  id=\"row-1625412336\">\n\n\n\t<div id=\"col-1818708530\" class=\"col medium-6 small-12 large-6\"  >\n\t\t\t\t<div class=\"col-inner\"  >\n\t\t\t\n\t\t\t\n\n\t<div class=\"img has-hover x md-x lg-x y md-y lg-y\" id=\"image_618526664\">\n\t\t\t\t\t\t\t\t<div class=\"img-inner dark\" >\n\t\t\t<img width=\"686\" height=\"1000\" src=\"https:\/\/www.pressinglesarcades.com\/wp-content\/uploads\/2022\/11\/repassage_chemise_pressing_les_arcades_2022.jpg\" class=\"attachment-large size-large\" alt=\"\" loading=\"lazy\" srcset=\"https:\/\/www.pressinglesarcades.com\/wp-content\/uploads\/2022\/11\/repassage_chemise_pressing_les_arcades_2022.jpg 686w, https:\/\/www.pressinglesarcades.com\/wp-content\/uploads\/2022\/11\/repassage_chemise_pressing_les_arcades_2022-206x300.jpg 206w\" sizes=\"(max-width: 686px) 100vw, 686px\" \/>\t\t\t\t\t\t\n\t\t\t\t\t<\/div>\n\t\t\t\t\t\t\t\t\n<style>\n#image_618526664 {\n  width: 100%;\n}\n<\/style>\n\t<\/div>\n\t\n\n\n\t\t<\/div>\n\t\t\t\t\t<\/div>\n\n\t\n\n\t<div id=\"col-1670263310\" class=\"col medium-6 small-12 large-6\"  >\n\t\t\t\t<div class=\"col-inner\"  >\n\t\t\t\n\t\t\t\n\n<div id=\"row-1870472058\" class=\"row\">\n<div class=\"col small-12 large-12\">\n<div class=\"col-inner\">\n<h2 style=\"text-align: center;\">VOS CHEMISES LAV\u00c9ES, REPASS\u00c9ES, SUR CINTRE \u00c0 PARTIR DE 3,52\u20ac<\/h2>\n<\/div>\n<\/div>\n<\/div>\n<div id=\"row-2098165988\" class=\"row\">\n<div class=\"col small-12 large-12\">\n<div class=\"col-inner\">\n<p style=\"text-align: center;\"><span data-text-color=\"primary\"><strong>Notre prestation de service comprend :<\/strong><\/span><\/p>\n<div id=\"row-150229790\" class=\"row row-full-width align-middle align-center\">\n<div class=\"col small-12 large-12\">\n<div class=\"col-inner text-center\">\n<div style=\"text-align: center;\"><strong>Un nettoyage \u00e9cologique et sans solvant (syst\u00e8me Aquanett)&nbsp;<\/strong><\/div>\n<div style=\"text-align: center;\">Nous assurons un nettoyage \u00e0 l\u2019eau et l\u2019utilisation de produits biod\u00e9gradables pour une propret\u00e9 impeccable de vos chemises.<\/div>\n<\/div>\n<\/div>\n<\/div>\n<div id=\"row-1823950881\" class=\"row\" style=\"text-align: center;\">\n<div class=\"col small-12 large-12\">\n<div class=\"col-inner\">\n<div><strong>Un repassage haute performance<\/strong><\/div>\n<div>Nous utilisons une machine high-tech de haute pr\u00e9cision reconnue pour ses r\u00e9sultats irr\u00e9prochables.<\/div>\n<\/div>\n<\/div>\n<\/div>\n<div id=\"row-924874418\" class=\"row\">\n<div class=\"col small-12 large-12\">\n<div class=\"col-inner text-left\">\n<div style=\"text-align: center;\"><strong>La garantie d\u2019une qualit\u00e9 artisanale<\/strong><\/div>\n<div style=\"text-align: center;\">Distingu\u00e9e en 2011 Meilleure Ouvri\u00e8re de France. Doroth\u00e9e Rivi\u00e8re met son savoir-faire et son exigence au service de ses clients.<\/div>\n<\/div>\n<\/div>\n<\/div>\n<\/div>\n<\/div>\n<\/div>\n\t<div class=\"img has-hover x md-x lg-x y md-y lg-y\" id=\"image_2133246851\">\n\t\t\t\t\t\t\t\t<div class=\"img-inner dark\" >\n\t\t\t<img width=\"1000\" height=\"637\" src=\"https:\/\/www.pressinglesarcades.com\/wp-content\/uploads\/2022\/11\/grille_tarifs_2022.jpg\" class=\"attachment-large size-large\" alt=\"\" loading=\"lazy\" srcset=\"https:\/\/www.pressinglesarcades.com\/wp-content\/uploads\/2022\/11\/grille_tarifs_2022.jpg 1000w, https:\/\/www.pressinglesarcades.com\/wp-content\/uploads\/2022\/11\/grille_tarifs_2022-300x191.jpg 300w, https:\/\/www.pressinglesarcades.com\/wp-content\/uploads\/2022\/11\/grille_tarifs_2022-768x489.jpg 768w\" sizes=\"(max-width: 1000px) 100vw, 1000px\" \/>\t\t\t\t\t\t\n\t\t\t\t\t<\/div>\n\t\t\t\t\t\t\t\t\n<style>\n#image_2133246851 {\n  width: 100%;\n}\n<\/style>\n\t<\/div>\n\t\n\n\n\t\t<\/div>\n\t\t\t\t\t<\/div>\n\n\t\n\n<\/div>\n<div class=\"row row-collapse row-full-width\"  id=\"row-473339634\">\n\n\n\t<div id=\"col-1268675570\" class=\"col small-12 large-12\"  >\n\t\t\t\t<div class=\"col-inner\"  >\n\t\t\t\n\t\t\t\n\n<div class=\"container section-title-container\" ><h3 class=\"section-title section-title-normal\"><b><\/b><span class=\"section-title-main\" >VOS CHEMISES REPASS\u00c9ES PAR UN ROBOT UNIQUE EN BRETAGNE<\/span><b><\/b><\/h3><\/div>\n\n<div class=\"video video-fit mb\" style=\"padding-top:56.25%;\"><iframe loading=\"lazy\" title=\"Pressing by Doroth\u00e9e\" width=\"1020\" height=\"574\" src=\"https:\/\/www.youtube.com\/embed\/qaf5SqNPy7o?feature=oembed\" frameborder=\"0\" allow=\"accelerometer; autoplay; clipboard-write; encrypted-media; gyroscope; picture-in-picture\" allowfullscreen><\/iframe><\/div>\n\n\n\t\t<\/div>\n\t\t\t\t\t<\/div>\n\n\t\n\n<\/div>\n\n","protected":false},"excerpt":{"rendered":"","protected":false},"author":1,"featured_media":0,"parent":0,"menu_order":0,"comment_status":"closed","ping_status":"closed","template":"","meta":{"_monsterinsights_skip_tracking":false,"_monsterinsights_sitenote_active":false,"_monsterinsights_sitenote_note":"","_monsterinsights_sitenote_category":0},"yoast_head":"<!-- This site is optimized with the Yoast SEO plugin v20.6 - https:\/\/yoast.com\/wordpress\/plugins\/seo\/ -->\n<title>Abonnement repassage de vos chemises - Pressing les arcades<\/title>\n<meta name=\"robots\" content=\"index, follow, max-snippet:-1, max-image-preview:large, max-video-preview:-1\" \/>\n<link rel=\"canonical\" href=\"https:\/\/www.pressinglesarcades.com\/index.php\/abonnement-repassage-de-vos-chemises\/\" \/>\n<meta property=\"og:locale\" content=\"fr_FR\" \/>\n<meta property=\"og:type\" content=\"article\" \/>\n<meta property=\"og:title\" content=\"Abonnement repassage de vos chemises - Pressing les arcades\" \/>\n<meta property=\"og:url\" content=\"https:\/\/www.pressinglesarcades.com\/index.php\/abonnement-repassage-de-vos-chemises\/\" \/>\n<meta property=\"og:site_name\" content=\"Pressing les arcades\" \/>\n<meta property=\"article:modified_time\" content=\"2022-11-16T08:41:44+00:00\" \/>\n<meta name=\"twitter:card\" content=\"summary_large_image\" \/>\n<script type=\"application\/ld+json\" class=\"yoast-schema-graph\">{\"@context\":\"https:\/\/schema.org\",\"@graph\":[{\"@type\":\"WebPage\",\"@id\":\"https:\/\/www.pressinglesarcades.com\/index.php\/abonnement-repassage-de-vos-chemises\/\",\"url\":\"https:\/\/www.pressinglesarcades.com\/index.php\/abonnement-repassage-de-vos-chemises\/\",\"name\":\"Abonnement repassage de vos chemises - Pressing les arcades\",\"isPartOf\":{\"@id\":\"https:\/\/www.pressinglesarcades.com\/#website\"},\"datePublished\":\"2021-05-06T09:06:33+00:00\",\"dateModified\":\"2022-11-16T08:41:44+00:00\",\"breadcrumb\":{\"@id\":\"https:\/\/www.pressinglesarcades.com\/index.php\/abonnement-repassage-de-vos-chemises\/#breadcrumb\"},\"inLanguage\":\"fr-FR\",\"potentialAction\":[{\"@type\":\"ReadAction\",\"target\":[\"https:\/\/www.pressinglesarcades.com\/index.php\/abonnement-repassage-de-vos-chemises\/\"]}]},{\"@type\":\"BreadcrumbList\",\"@id\":\"https:\/\/www.pressinglesarcades.com\/index.php\/abonnement-repassage-de-vos-chemises\/#breadcrumb\",\"itemListElement\":[{\"@type\":\"ListItem\",\"position\":1,\"name\":\"Accueil\",\"item\":\"https:\/\/www.pressinglesarcades.com\/\"},{\"@type\":\"ListItem\",\"position\":2,\"name\":\"Abonnement repassage de vos chemises\"}]},{\"@type\":\"WebSite\",\"@id\":\"https:\/\/www.pressinglesarcades.com\/#website\",\"url\":\"https:\/\/www.pressinglesarcades.com\/\",\"name\":\"Pressing les arcades\",\"description\":\"\",\"potentialAction\":[{\"@type\":\"SearchAction\",\"target\":{\"@type\":\"EntryPoint\",\"urlTemplate\":\"https:\/\/www.pressinglesarcades.com\/?s={search_term_string}\"},\"query-input\":\"required name=search_term_string\"}],\"inLanguage\":\"fr-FR\"}]}<\/script>\n<!-- \/ Yoast SEO plugin. -->","yoast_head_json":{"title":"Abonnement repassage de vos chemises - Pressing les arcades","robots":{"index":"index","follow":"follow","max-snippet":"max-snippet:-1","max-image-preview":"max-image-preview:large","max-video-preview":"max-video-preview:-1"},"canonical":"https:\/\/www.pressinglesarcades.com\/index.php\/abonnement-repassage-de-vos-chemises\/","og_locale":"fr_FR","og_type":"article","og_title":"Abonnement repassage de vos chemises - Pressing les arcades","og_url":"https:\/\/www.pressinglesarcades.com\/index.php\/abonnement-repassage-de-vos-chemises\/","og_site_name":"Pressing les arcades","article_modified_time":"2022-11-16T08:41:44+00:00","twitter_card":"summary_large_image","schema":{"@context":"https:\/\/schema.org","@graph":[{"@type":"WebPage","@id":"https:\/\/www.pressinglesarcades.com\/index.php\/abonnement-repassage-de-vos-chemises\/","url":"https:\/\/www.pressinglesarcades.com\/index.php\/abonnement-repassage-de-vos-chemises\/","name":"Abonnement repassage de vos chemises - Pressing les arcades","isPartOf":{"@id":"https:\/\/www.pressinglesarcades.com\/#website"},"datePublished":"2021-05-06T09:06:33+00:00","dateModified":"2022-11-16T08:41:44+00:00","breadcrumb":{"@id":"https:\/\/www.pressinglesarcades.com\/index.php\/abonnement-repassage-de-vos-chemises\/#breadcrumb"},"inLanguage":"fr-FR","potentialAction":[{"@type":"ReadAction","target":["https:\/\/www.pressinglesarcades.com\/index.php\/abonnement-repassage-de-vos-chemises\/"]}]},{"@type":"BreadcrumbList","@id":"https:\/\/www.pressinglesarcades.com\/index.php\/abonnement-repassage-de-vos-chemises\/#breadcrumb","itemListElement":[{"@type":"ListItem","position":1,"name":"Accueil","item":"https:\/\/www.pressinglesarcades.com\/"},{"@type":"ListItem","position":2,"name":"Abonnement repassage de vos chemises"}]},{"@type":"WebSite","@id":"https:\/\/www.pressinglesarcades.com\/#website","url":"https:\/\/www.pressinglesarcades.com\/","name":"Pressing les arcades","description":"","potentialAction":[{"@type":"SearchAction","target":{"@type":"EntryPoint","urlTemplate":"https:\/\/www.pressinglesarcades.com\/?s={search_term_string}"},"query-input":"required name=search_term_string"}],"inLanguage":"fr-FR"}]}},"_links":{"self":[{"href":"https:\/\/www.pressinglesarcades.com\/index.php\/wp-json\/wp\/v2\/pages\/67"}],"collection":[{"href":"https:\/\/www.pressinglesarcades.com\/index.php\/wp-json\/wp\/v2\/pages"}],"about":[{"href":"https:\/\/www.pressinglesarcades.com\/index.php\/wp-json\/wp\/v2\/types\/page"}],"author":[{"embeddable":true,"href":"https:\/\/www.pressinglesarcades.com\/index.php\/wp-json\/wp\/v2\/users\/1"}],"replies":[{"embeddable":true,"href":"https:\/\/www.pressinglesarcades.com\/index.php\/wp-json\/wp\/v2\/comments?post=67"}],"version-history":[{"count":15,"href":"https:\/\/www.pressinglesarcades.com\/index.php\/wp-json\/wp\/v2\/pages\/67\/revisions"}],"predecessor-version":[{"id":456,"href":"https:\/\/www.pressinglesarcades.com\/index.php\/wp-json\/wp\/v2\/pages\/67\/revisions\/456"}],"wp:attachment":[{"href":"https:\/\/www.pressinglesarcades.com\/index.php\/wp-json\/wp\/v2\/media?parent=67"}],"curies":[{"name":"wp","href":"https:\/\/api.w.org\/{rel}","templated":true}]}}